{"id":1991,"date":"2025-10-16T17:48:59","date_gmt":"2025-10-16T15:48:59","guid":{"rendered":"https:\/\/ago-events.fr\/our-projects\/"},"modified":"2026-04-03T10:02:29","modified_gmt":"2026-04-03T08:02:29","slug":"our-projects","status":"publish","type":"page","link":"https:\/\/ago-events.fr\/en\/our-projects\/","title":{"rendered":"Our Projects"},"content":{"rendered":"\t\t<div data-elementor-type=\"wp-page\" data-elementor-id=\"1991\" class=\"elementor elementor-1991 elementor-55\" data-elementor-settings=\"{&quot;element_pack_global_tooltip_width&quot;:{&quot;unit&quot;:&quot;px&quot;,&quot;size&quot;:&quot;&quot;,&quot;sizes&quot;:[]},&quot;element_pack_global_tooltip_width_tablet&quot;:{&quot;unit&quot;:&quot;px&quot;,&quot;size&quot;:&quot;&quot;,&quot;sizes&quot;:[]},&quot;element_pack_global_tooltip_width_mobile&quot;:{&quot;unit&quot;:&quot;px&quot;,&quot;size&quot;:&quot;&quot;,&quot;sizes&quot;:[]},&quot;element_pack_global_tooltip_padding&quot;:{&quot;unit&quot;:&quot;px&quot;,&quot;top&quot;:&quot;&quot;,&quot;right&quot;:&quot;&quot;,&quot;bottom&quot;:&quot;&quot;,&quot;left&quot;:&quot;&quot;,&quot;isLinked&quot;:true},&quot;element_pack_global_tooltip_padding_tablet&quot;:{&quot;unit&quot;:&quot;px&quot;,&quot;top&quot;:&quot;&quot;,&quot;right&quot;:&quot;&quot;,&quot;bottom&quot;:&quot;&quot;,&quot;left&quot;:&quot;&quot;,&quot;isLinked&quot;:true},&quot;element_pack_global_tooltip_padding_mobile&quot;:{&quot;unit&quot;:&quot;px&quot;,&quot;top&quot;:&quot;&quot;,&quot;right&quot;:&quot;&quot;,&quot;bottom&quot;:&quot;&quot;,&quot;left&quot;:&quot;&quot;,&quot;isLinked&quot;:true},&quot;element_pack_global_tooltip_border_radius&quot;:{&quot;unit&quot;:&quot;px&quot;,&quot;top&quot;:&quot;&quot;,&quot;right&quot;:&quot;&quot;,&quot;bottom&quot;:&quot;&quot;,&quot;left&quot;:&quot;&quot;,&quot;isLinked&quot;:true},&quot;element_pack_global_tooltip_border_radius_tablet&quot;:{&quot;unit&quot;:&quot;px&quot;,&quot;top&quot;:&quot;&quot;,&quot;right&quot;:&quot;&quot;,&quot;bottom&quot;:&quot;&quot;,&quot;left&quot;:&quot;&quot;,&quot;isLinked&quot;:true},&quot;element_pack_global_tooltip_border_radius_mobile&quot;:{&quot;unit&quot;:&quot;px&quot;,&quot;top&quot;:&quot;&quot;,&quot;right&quot;:&quot;&quot;,&quot;bottom&quot;:&quot;&quot;,&quot;left&quot;:&quot;&quot;,&quot;isLinked&quot;:true}}\" data-elementor-post-type=\"page\">\n\t\t\t\t<div class=\"elementor-element elementor-element-2a37aad e-flex e-con-boxed e-con e-parent\" data-id=\"2a37aad\" data-element_type=\"container\" data-e-type=\"container\">\n\t\t\t\t\t<div class=\"e-con-inner\">\n\t\t\t\t<div class=\"elementor-element elementor-element-ddaf992 elementor-widget elementor-widget-spacer\" data-id=\"ddaf992\" data-element_type=\"widget\" data-e-type=\"widget\" data-widget_type=\"spacer.default\">\n\t\t\t\t\t\t\t<div class=\"elementor-spacer\">\n\t\t\t<div class=\"elementor-spacer-inner\"><\/div>\n\t\t<\/div>\n\t\t\t\t\t\t<\/div>\n\t\t\t\t\t<\/div>\n\t\t\t\t<\/div>\n\t\t<div class=\"elementor-element elementor-element-52d4fea e-flex e-con-boxed e-con e-parent\" data-id=\"52d4fea\" data-element_type=\"container\" data-e-type=\"container\">\n\t\t\t\t\t<div class=\"e-con-inner\">\n\t\t\t\t<div class=\"elementor-element elementor-element-0979425 elementor-widget elementor-widget-bdt-post-grid\" data-id=\"0979425\" data-element_type=\"widget\" data-e-type=\"widget\" data-widget_type=\"bdt-post-grid.bdt-paddle\">\n\t\t\t\t\t \n\t\t<div id=\"bdt-post-grid-0979425\" class=\"bdt-post-grid bdt-post-grid-skin-default\">\n\t  \t\t<div class=\"bdt-grid bdt-grid-medium\" data-bdt-grid>\n\n\t\t\t\t\t\t  \t\t\t<div class=\"bdt-width-1-2@m bdt-primary\">\n\t\t\t\t\t\t\t\t<div class=\"bdt-post-grid-item bdt-transition-toggle bdt-position-relative\">\n\n\t\t\t<div class=\"bdt-post-grid-img-wrap bdt-overflow-hidden\">\n\t\t\t\t<a href=\"https:\/\/ago-events.fr\/en\/wines-chateau-in-courthezon\/\" class=\"bdt-transition-scale-up bdt-background-cover bdt-transition-opaque bdt-flex\" title=\"Wines &amp; Ch\u00e2teau in Courth\u00e9zon\" style=\"background-image: url(https:\/\/ago-events.fr\/wp-content\/uploads\/Production-Coordination.webp)\">\n  \t\t\t\t<\/a>\n\t\t\t<\/div>\n\t\t\t<div class=\"bdt-custom-overlay bdt-position-cover\"><\/div>\n\n\t\t\t<div class=\"bdt-post-grid-desc bdt-position-medium bdt-position-bottom-left\">\n\n\t\t\t\t<h2 class=\"bdt-post-grid-title\">\n\t\t\t\t<a href=\"https:\/\/ago-events.fr\/en\/wines-chateau-in-courthezon\/\" class=\"bdt-post-grid-link\" title=\"Wines &amp; Ch\u00e2teau in Courth\u00e9zon\">\n\t\t\t\t\tWines &amp; Ch\u00e2teau in Courth\u00e9zon\n\t\t\t\t<\/a>\n\t\t\t<\/h2>\n\t\t\t\t\n\t\t\t\t\t\t\t\t\n\t\t\t<\/div>\n\n\t\t\t\t\t<div class=\"bdt-post-grid-category bdt-position-small bdt-position-top-left\">\n\n\t\t\t<a href=\"https:\/\/ago-events.fr\/en\/category\/events\/\">Events<\/a>\t\t<\/div>\n\t\t\n\t\t<\/div>\n\t\t\t\t\t\t\t<\/div>\n\n\t\t\t\t\t\t  \t\t\t<div class=\"bdt-width-1-2@m bdt-primary\">\n\t\t\t\t\t\t\t\t<div class=\"bdt-post-grid-item bdt-transition-toggle bdt-position-relative\">\n\n\t\t\t<div class=\"bdt-post-grid-img-wrap bdt-overflow-hidden\">\n\t\t\t\t<a href=\"https:\/\/ago-events.fr\/en\/airelles-gordes\/\" class=\"bdt-transition-scale-up bdt-background-cover bdt-transition-opaque bdt-flex\" title=\"Airelles Gordes\" style=\"background-image: url(https:\/\/ago-events.fr\/wp-content\/uploads\/wedding-sur-mesure.webp)\">\n  \t\t\t\t<\/a>\n\t\t\t<\/div>\n\t\t\t<div class=\"bdt-custom-overlay bdt-position-cover\"><\/div>\n\n\t\t\t<div class=\"bdt-post-grid-desc bdt-position-medium bdt-position-bottom-left\">\n\n\t\t\t\t<h2 class=\"bdt-post-grid-title\">\n\t\t\t\t<a href=\"https:\/\/ago-events.fr\/en\/airelles-gordes\/\" class=\"bdt-post-grid-link\" title=\"Airelles Gordes\">\n\t\t\t\t\tAirelles Gordes\n\t\t\t\t<\/a>\n\t\t\t<\/h2>\n\t\t\t\t\n\t\t\t\t\t\t\t\t\n\t\t\t<\/div>\n\n\t\t\t\t\t<div class=\"bdt-post-grid-category bdt-position-small bdt-position-top-left\">\n\n\t\t\t<a href=\"https:\/\/ago-events.fr\/en\/category\/wedding\/\">Wedding<\/a>\t\t<\/div>\n\t\t\n\t\t<\/div>\n\t\t\t\t\t\t\t<\/div>\n\n\t\t\t\t\t\t\t<\/div>\n\t\t<\/div>\n\t\n \t\t\t\t\t<div class=\"ep-pagination\">\n\t\t\t\t\t\t\t<\/div>\n\t\t\t\t\t\t\t<\/div>\n\t\t\t\t\t<\/div>\n\t\t\t\t<\/div>\n\t\t<div class=\"elementor-element elementor-element-4efbf57 e-flex e-con-boxed e-con e-parent\" data-id=\"4efbf57\" data-element_type=\"container\" data-e-type=\"container\">\n\t\t\t\t\t<div class=\"e-con-inner\">\n\t\t\t\t<div class=\"elementor-element elementor-element-f36621a elementor-widget elementor-widget-spacer\" data-id=\"f36621a\" data-element_type=\"widget\" data-e-type=\"widget\" data-widget_type=\"spacer.default\">\n\t\t\t\t\t\t\t<div class=\"elementor-spacer\">\n\t\t\t<div class=\"elementor-spacer-inner\"><\/div>\n\t\t<\/div>\n\t\t\t\t\t\t<\/div>\n\t\t\t\t<div class=\"elementor-element elementor-element-345ad50 elementor-widget elementor-widget-heading\" data-id=\"345ad50\" data-element_type=\"widget\" data-e-type=\"widget\" data-widget_type=\"heading.default\">\n\t\t\t\t\t<h2 class=\"elementor-heading-title elementor-size-default\">Our client references<\/h2>\t\t\t\t<\/div>\n\t\t\t\t\t<\/div>\n\t\t\t\t<\/div>\n\t\t<div class=\"elementor-element elementor-element-22a44e9 e-con-full e-flex e-con e-parent\" data-id=\"22a44e9\" data-element_type=\"container\" data-e-type=\"container\">\n\t\t\t\t<div class=\"elementor-element elementor-element-0a4c479 elementor-widget elementor-widget-image-carousel\" data-id=\"0a4c479\" data-element_type=\"widget\" data-e-type=\"widget\" data-settings=\"{&quot;slides_to_show&quot;:&quot;6&quot;,&quot;slides_to_show_mobile&quot;:&quot;2&quot;,&quot;navigation&quot;:&quot;none&quot;,&quot;autoplay_speed&quot;:0,&quot;speed&quot;:3000,&quot;image_spacing_custom&quot;:{&quot;unit&quot;:&quot;px&quot;,&quot;size&quot;:100,&quot;sizes&quot;:[]},&quot;autoplay&quot;:&quot;yes&quot;,&quot;infinite&quot;:&quot;yes&quot;,&quot;image_spacing_custom_tablet&quot;:{&quot;unit&quot;:&quot;px&quot;,&quot;size&quot;:&quot;&quot;,&quot;sizes&quot;:[]},&quot;image_spacing_custom_mobile&quot;:{&quot;unit&quot;:&quot;px&quot;,&quot;size&quot;:&quot;&quot;,&quot;sizes&quot;:[]}}\" data-widget_type=\"image-carousel.default\">\n\t\t\t\t\t\t\t<div class=\"elementor-image-carousel-wrapper swiper\" role=\"region\" aria-roledescription=\"carousel\" aria-label=\"Carrousel d\u2019images\" dir=\"ltr\">\n\t\t\t<div class=\"elementor-image-carousel swiper-wrapper\" aria-live=\"off\">\n\t\t\t\t\t\t\t\t<div class=\"swiper-slide\" role=\"group\" aria-roledescription=\"slide\" aria-label=\"1 of 29\"><figure class=\"swiper-slide-inner\"><img fetchpriority=\"high\" decoding=\"async\" src=\"https:\/\/ago-events.fr\/wp-content\/uploads\/virtuoso-1.webp\" alt=\"virtuoso-1.webp\" class=\"swiper-slide-image\" width=\"600\" height=\"400\" \/><\/figure><\/div><div class=\"swiper-slide\" role=\"group\" aria-roledescription=\"slide\" aria-label=\"2 of 29\"><figure class=\"swiper-slide-inner\"><img decoding=\"async\" src=\"https:\/\/ago-events.fr\/wp-content\/uploads\/dior.webp\" alt=\"dior\" class=\"swiper-slide-image\" width=\"600\" height=\"400\" \/><\/figure><\/div><div class=\"swiper-slide\" role=\"group\" aria-roledescription=\"slide\" aria-label=\"3 of 29\"><figure class=\"swiper-slide-inner\"><img decoding=\"async\" src=\"https:\/\/ago-events.fr\/wp-content\/uploads\/cartier-1.webp\" alt=\"cartier-1.webp\" class=\"swiper-slide-image\" width=\"600\" height=\"400\" \/><\/figure><\/div><div class=\"swiper-slide\" role=\"group\" aria-roledescription=\"slide\" aria-label=\"4 of 29\"><figure class=\"swiper-slide-inner\"><img loading=\"lazy\" decoding=\"async\" src=\"https:\/\/ago-events.fr\/wp-content\/uploads\/boss-1.webp\" alt=\"boss-1.webp\" class=\"swiper-slide-image\" width=\"600\" height=\"400\" \/><\/figure><\/div><div class=\"swiper-slide\" role=\"group\" aria-roledescription=\"slide\" aria-label=\"5 of 29\"><figure class=\"swiper-slide-inner\"><img loading=\"lazy\" decoding=\"async\" src=\"https:\/\/ago-events.fr\/wp-content\/uploads\/loreal-1.webp\" alt=\"loreal-1.webp\" class=\"swiper-slide-image\" width=\"600\" height=\"400\" \/><\/figure><\/div><div class=\"swiper-slide\" role=\"group\" aria-roledescription=\"slide\" aria-label=\"6 of 29\"><figure class=\"swiper-slide-inner\"><img loading=\"lazy\" decoding=\"async\" src=\"https:\/\/ago-events.fr\/wp-content\/uploads\/airelles-1.webp\" alt=\"airelles-1.webp\" class=\"swiper-slide-image\" width=\"600\" height=\"400\" \/><\/figure><\/div><div class=\"swiper-slide\" role=\"group\" aria-roledescription=\"slide\" aria-label=\"7 of 29\"><figure class=\"swiper-slide-inner\"><img loading=\"lazy\" decoding=\"async\" src=\"https:\/\/ago-events.fr\/wp-content\/uploads\/roches-blanches-1.webp\" alt=\"roches-blanches-1.webp\" class=\"swiper-slide-image\" width=\"600\" height=\"400\" \/><\/figure><\/div><div class=\"swiper-slide\" role=\"group\" aria-roledescription=\"slide\" aria-label=\"8 of 29\"><figure class=\"swiper-slide-inner\"><img loading=\"lazy\" decoding=\"async\" src=\"https:\/\/ago-events.fr\/wp-content\/uploads\/coquillade-1.webp\" alt=\"coquillade-1.webp\" class=\"swiper-slide-image\" width=\"600\" height=\"400\" \/><\/figure><\/div><div class=\"swiper-slide\" role=\"group\" aria-roledescription=\"slide\" aria-label=\"9 of 29\"><figure class=\"swiper-slide-inner\"><img loading=\"lazy\" decoding=\"async\" src=\"https:\/\/ago-events.fr\/wp-content\/uploads\/manville-1.webp\" alt=\"manville-1.webp\" class=\"swiper-slide-image\" width=\"600\" height=\"400\" \/><\/figure><\/div><div class=\"swiper-slide\" role=\"group\" aria-roledescription=\"slide\" aria-label=\"10 of 29\"><figure class=\"swiper-slide-inner\"><img loading=\"lazy\" decoding=\"async\" src=\"https:\/\/ago-events.fr\/wp-content\/uploads\/andeol-1.webp\" alt=\"andeol-1.webp\" class=\"swiper-slide-image\" width=\"600\" height=\"400\" \/><\/figure><\/div><div class=\"swiper-slide\" role=\"group\" aria-roledescription=\"slide\" aria-label=\"11 of 29\"><figure class=\"swiper-slide-inner\"><img loading=\"lazy\" decoding=\"async\" src=\"https:\/\/ago-events.fr\/wp-content\/uploads\/shangrila-1.webp\" alt=\"shangrila-1.webp\" class=\"swiper-slide-image\" width=\"600\" height=\"400\" \/><\/figure><\/div><div class=\"swiper-slide\" role=\"group\" aria-roledescription=\"slide\" aria-label=\"12 of 29\"><figure class=\"swiper-slide-inner\"><img loading=\"lazy\" decoding=\"async\" src=\"https:\/\/ago-events.fr\/wp-content\/uploads\/ritz-1.webp\" alt=\"ritz-1.webp\" class=\"swiper-slide-image\" width=\"600\" height=\"400\" \/><\/figure><\/div><div class=\"swiper-slide\" role=\"group\" aria-roledescription=\"slide\" aria-label=\"13 of 29\"><figure class=\"swiper-slide-inner\"><img loading=\"lazy\" decoding=\"async\" src=\"https:\/\/ago-events.fr\/wp-content\/uploads\/amplfon-1.webp\" alt=\"amplfon-1.webp\" class=\"swiper-slide-image\" width=\"600\" height=\"400\" \/><\/figure><\/div><div class=\"swiper-slide\" role=\"group\" aria-roledescription=\"slide\" aria-label=\"14 of 29\"><figure class=\"swiper-slide-inner\"><img loading=\"lazy\" decoding=\"async\" src=\"https:\/\/ago-events.fr\/wp-content\/uploads\/bpifrance.webp\" alt=\"bpifrance\" class=\"swiper-slide-image\" width=\"600\" height=\"400\" \/><\/figure><\/div><div class=\"swiper-slide\" role=\"group\" aria-roledescription=\"slide\" aria-label=\"15 of 29\"><figure class=\"swiper-slide-inner\"><img loading=\"lazy\" decoding=\"async\" src=\"https:\/\/ago-events.fr\/wp-content\/uploads\/pepsico.webp\" alt=\"pepsico\" class=\"swiper-slide-image\" width=\"600\" height=\"400\" \/><\/figure><\/div><div class=\"swiper-slide\" role=\"group\" aria-roledescription=\"slide\" aria-label=\"16 of 29\"><figure class=\"swiper-slide-inner\"><img loading=\"lazy\" decoding=\"async\" src=\"https:\/\/ago-events.fr\/wp-content\/uploads\/benefit-1.webp\" alt=\"benefit-1.webp\" class=\"swiper-slide-image\" width=\"600\" height=\"400\" \/><\/figure><\/div><div class=\"swiper-slide\" role=\"group\" aria-roledescription=\"slide\" aria-label=\"17 of 29\"><figure class=\"swiper-slide-inner\"><img loading=\"lazy\" decoding=\"async\" src=\"https:\/\/ago-events.fr\/wp-content\/uploads\/cm-1.webp\" alt=\"cm-1.webp\" class=\"swiper-slide-image\" width=\"600\" height=\"400\" \/><\/figure><\/div><div class=\"swiper-slide\" role=\"group\" aria-roledescription=\"slide\" aria-label=\"18 of 29\"><figure class=\"swiper-slide-inner\"><img loading=\"lazy\" decoding=\"async\" src=\"https:\/\/ago-events.fr\/wp-content\/uploads\/edf-1.webp\" alt=\"edf-1.webp\" class=\"swiper-slide-image\" width=\"600\" height=\"400\" \/><\/figure><\/div><div class=\"swiper-slide\" role=\"group\" aria-roledescription=\"slide\" aria-label=\"19 of 29\"><figure class=\"swiper-slide-inner\"><img loading=\"lazy\" decoding=\"async\" src=\"https:\/\/ago-events.fr\/wp-content\/uploads\/groupama-1.webp\" alt=\"groupama-1.webp\" class=\"swiper-slide-image\" width=\"600\" height=\"400\" \/><\/figure><\/div><div class=\"swiper-slide\" role=\"group\" aria-roledescription=\"slide\" aria-label=\"20 of 29\"><figure class=\"swiper-slide-inner\"><img loading=\"lazy\" decoding=\"async\" src=\"https:\/\/ago-events.fr\/wp-content\/uploads\/lafarge-1.webp\" alt=\"lafarge-1.webp\" class=\"swiper-slide-image\" width=\"600\" height=\"400\" \/><\/figure><\/div><div class=\"swiper-slide\" role=\"group\" aria-roledescription=\"slide\" aria-label=\"21 of 29\"><figure class=\"swiper-slide-inner\"><img loading=\"lazy\" decoding=\"async\" src=\"https:\/\/ago-events.fr\/wp-content\/uploads\/spie-1.webp\" alt=\"spie-1.webp\" class=\"swiper-slide-image\" width=\"600\" height=\"400\" \/><\/figure><\/div><div class=\"swiper-slide\" role=\"group\" aria-roledescription=\"slide\" aria-label=\"22 of 29\"><figure class=\"swiper-slide-inner\"><img loading=\"lazy\" decoding=\"async\" src=\"https:\/\/ago-events.fr\/wp-content\/uploads\/forte-1.webp\" alt=\"forte-1.webp\" class=\"swiper-slide-image\" width=\"600\" height=\"400\" \/><\/figure><\/div><div class=\"swiper-slide\" role=\"group\" aria-roledescription=\"slide\" aria-label=\"23 of 29\"><figure class=\"swiper-slide-inner\"><img loading=\"lazy\" decoding=\"async\" src=\"https:\/\/ago-events.fr\/wp-content\/uploads\/galeries-1.webp\" alt=\"galeries-1.webp\" class=\"swiper-slide-image\" width=\"600\" height=\"400\" \/><\/figure><\/div><div class=\"swiper-slide\" role=\"group\" aria-roledescription=\"slide\" aria-label=\"24 of 29\"><figure class=\"swiper-slide-inner\"><img loading=\"lazy\" decoding=\"async\" src=\"https:\/\/ago-events.fr\/wp-content\/uploads\/monext-1.webp\" alt=\"monext-1.webp\" class=\"swiper-slide-image\" width=\"600\" height=\"400\" \/><\/figure><\/div><div class=\"swiper-slide\" role=\"group\" aria-roledescription=\"slide\" aria-label=\"25 of 29\"><figure class=\"swiper-slide-inner\"><img loading=\"lazy\" decoding=\"async\" src=\"https:\/\/ago-events.fr\/wp-content\/uploads\/occitane-1.webp\" alt=\"occitane-1.webp\" class=\"swiper-slide-image\" width=\"600\" height=\"400\" \/><\/figure><\/div><div class=\"swiper-slide\" role=\"group\" aria-roledescription=\"slide\" aria-label=\"26 of 29\"><figure class=\"swiper-slide-inner\"><img loading=\"lazy\" decoding=\"async\" src=\"https:\/\/ago-events.fr\/wp-content\/uploads\/jaguar-1.webp\" alt=\"jaguar-1.webp\" class=\"swiper-slide-image\" width=\"600\" height=\"400\" \/><\/figure><\/div><div class=\"swiper-slide\" role=\"group\" aria-roledescription=\"slide\" aria-label=\"27 of 29\"><figure class=\"swiper-slide-inner\"><img loading=\"lazy\" decoding=\"async\" src=\"https:\/\/ago-events.fr\/wp-content\/uploads\/porsche-1.webp\" alt=\"porsche-1.webp\" class=\"swiper-slide-image\" width=\"600\" height=\"400\" \/><\/figure><\/div><div class=\"swiper-slide\" role=\"group\" aria-roledescription=\"slide\" aria-label=\"28 of 29\"><figure class=\"swiper-slide-inner\"><img loading=\"lazy\" decoding=\"async\" src=\"https:\/\/ago-events.fr\/wp-content\/uploads\/rolex.webp\" alt=\"rolex\" class=\"swiper-slide-image\" width=\"600\" height=\"400\" \/><\/figure><\/div><div class=\"swiper-slide\" role=\"group\" aria-roledescription=\"slide\" aria-label=\"29 of 29\"><figure class=\"swiper-slide-inner\"><img fetchpriority=\"high\" decoding=\"async\" src=\"https:\/\/ago-events.fr\/wp-content\/uploads\/virtuoso-1.webp\" alt=\"virtuoso-1.webp\" class=\"swiper-slide-image\" width=\"600\" height=\"400\" \/><\/figure><\/div>\t\t\t<\/div>\n\t\t\t\t\t\t\t\n\t\t\t\t\t\t\t\t\t<\/div>\n\t\t\t\t\t\t<\/div>\n\t\t\t\t<div class=\"elementor-element elementor-element-9185a5a elementor-widget elementor-widget-spacer\" data-id=\"9185a5a\" data-element_type=\"widget\" data-e-type=\"widget\" data-widget_type=\"spacer.default\">\n\t\t\t\t\t\t\t<div class=\"elementor-spacer\">\n\t\t\t<div class=\"elementor-spacer-inner\"><\/div>\n\t\t<\/div>\n\t\t\t\t\t\t<\/div>\n\t\t\t\t<\/div>\n\t\t\t\t<\/div>\n\t\t","protected":false},"excerpt":{"rendered":"<p>Vins &#038; Ch\u00e2teau \u00e0 Courth\u00e9zon Ev\u00e8nements Airelles Gordes Wedding Our client references<\/p>\n","protected":false},"author":1,"featured_media":0,"parent":0,"menu_order":9,"comment_status":"closed","ping_status":"closed","template":"","meta":{"footnotes":""},"class_list":["post-1991","page","type-page","status-publish","hentry"],"_links":{"self":[{"href":"https:\/\/ago-events.fr\/en\/wp-json\/wp\/v2\/pages\/1991","targetHints":{"allow":["GET"]}}],"collection":[{"href":"https:\/\/ago-events.fr\/en\/wp-json\/wp\/v2\/pages"}],"about":[{"href":"https:\/\/ago-events.fr\/en\/wp-json\/wp\/v2\/types\/page"}],"author":[{"embeddable":true,"href":"https:\/\/ago-events.fr\/en\/wp-json\/wp\/v2\/users\/1"}],"replies":[{"embeddable":true,"href":"https:\/\/ago-events.fr\/en\/wp-json\/wp\/v2\/comments?post=1991"}],"version-history":[{"count":2,"href":"https:\/\/ago-events.fr\/en\/wp-json\/wp\/v2\/pages\/1991\/revisions"}],"predecessor-version":[{"id":2049,"href":"https:\/\/ago-events.fr\/en\/wp-json\/wp\/v2\/pages\/1991\/revisions\/2049"}],"wp:attachment":[{"href":"https:\/\/ago-events.fr\/en\/wp-json\/wp\/v2\/media?parent=1991"}],"curies":[{"name":"wp","href":"https:\/\/api.w.org\/{rel}","templated":true}]}}